{"id":3680,"date":"2023-11-28T00:54:43","date_gmt":"2023-11-27T22:54:43","guid":{"rendered":"https:\/\/astarios.com\/geschaeftsbedingungen\/"},"modified":"2024-02-21T22:26:58","modified_gmt":"2024-02-21T20:26:58","slug":"geschaeftsbedingungen","status":"publish","type":"page","link":"https:\/\/astarios.com\/de\/geschaeftsbedingungen\/","title":{"rendered":"Gesch\u00e4ftsbedingungen"},"content":{"rendered":"\t\t<div data-elementor-type=\"wp-page\" data-elementor-id=\"3680\" class=\"elementor elementor-3680 elementor-110\" data-elementor-settings=\"{&quot;ha_cmc_init_switcher&quot;:&quot;no&quot;}\" data-elementor-post-type=\"page\">\n\t\t\t\t<div class=\"elementor-element elementor-element-89b0239 e-flex e-con-boxed e-con e-parent\" data-id=\"89b0239\" data-element_type=\"container\" data-settings=\"{&quot;_ha_eqh_enable&quot;:false}\">\n\t\t\t\t\t<div class=\"e-con-inner\">\n\t\t<div class=\"elementor-element elementor-element-4640c88 radiusborder e-flex e-con-boxed e-con e-child\" data-id=\"4640c88\" data-element_type=\"container\" data-settings=\"{&quot;background_background&quot;:&quot;classic&quot;,&quot;_ha_eqh_enable&quot;:false}\">\n\t\t\t\t\t<div class=\"e-con-inner\">\n\t\t\t\t<div class=\"elementor-element elementor-element-58d677c elementor-widget elementor-widget-heading\" data-id=\"58d677c\" data-element_type=\"widget\" data-widget_type=\"heading.default\">\n\t\t\t\t<div class=\"elementor-widget-container\">\n\t\t\t<style>\/*! elementor - v3.22.0 - 17-06-2024 *\/\n.elementor-heading-title{padding:0;margin:0;line-height:1}.elementor-widget-heading .elementor-heading-title[class*=elementor-size-]>a{color:inherit;font-size:inherit;line-height:inherit}.elementor-widget-heading .elementor-heading-title.elementor-size-small{font-size:15px}.elementor-widget-heading .elementor-heading-title.elementor-size-medium{font-size:19px}.elementor-widget-heading .elementor-heading-title.elementor-size-large{font-size:29px}.elementor-widget-heading .elementor-heading-title.elementor-size-xl{font-size:39px}.elementor-widget-heading .elementor-heading-title.elementor-size-xxl{font-size:59px}<\/style><h1 class=\"elementor-heading-title elementor-size-default\">Gesch\u00e4ftsbedingungen<\/h1>\t\t<\/div>\n\t\t\t\t<\/div>\n\t\t\t\t\t<\/div>\n\t\t\t\t<\/div>\n\t\t\t\t\t<\/div>\n\t\t\t\t<\/div>\n\t\t<div class=\"elementor-element elementor-element-51e37b2 e-flex e-con-boxed e-con e-parent\" data-id=\"51e37b2\" data-element_type=\"container\" data-settings=\"{&quot;_ha_eqh_enable&quot;:false}\">\n\t\t\t\t\t<div class=\"e-con-inner\">\n\t\t<div class=\"elementor-element elementor-element-b5cd15b e-flex e-con-boxed e-con e-child\" data-id=\"b5cd15b\" data-element_type=\"container\" data-settings=\"{&quot;_ha_eqh_enable&quot;:false}\">\n\t\t\t\t\t<div class=\"e-con-inner\">\n\t\t<div class=\"elementor-element elementor-element-738717d e-flex e-con-boxed e-con e-child\" data-id=\"738717d\" data-element_type=\"container\" data-settings=\"{&quot;_ha_eqh_enable&quot;:false}\">\n\t\t\t\t\t<div class=\"e-con-inner\">\n\t\t\t\t<div class=\"elementor-element elementor-element-3e99e31 elementor-widget elementor-widget-text-editor\" data-id=\"3e99e31\" data-element_type=\"widget\" data-widget_type=\"text-editor.default\">\n\t\t\t\t<div class=\"elementor-widget-container\">\n\t\t\t<style>\/*! elementor - v3.22.0 - 17-06-2024 *\/\n.elementor-widget-text-editor.elementor-drop-cap-view-stacked .elementor-drop-cap{background-color:#69727d;color:#fff}.elementor-widget-text-editor.elementor-drop-cap-view-framed .elementor-drop-cap{color:#69727d;border:3px solid;background-color:transparent}.elementor-widget-text-editor:not(.elementor-drop-cap-view-default) .elementor-drop-cap{margin-top:8px}.elementor-widget-text-editor:not(.elementor-drop-cap-view-default) .elementor-drop-cap-letter{width:1em;height:1em}.elementor-widget-text-editor .elementor-drop-cap{float:left;text-align:center;line-height:1;font-size:50px}.elementor-widget-text-editor .elementor-drop-cap-letter{display:inline-block}<\/style>\t\t\t\t<p>Allgemeine Gesch\u00e4ftsbedingungen der \u03b1starios GmbH<br \/>\nEinf\u00fchrung<\/p>\n\t\t\t\t\t\t<\/div>\n\t\t\t\t<\/div>\n\t\t\t\t<div class=\"elementor-element elementor-element-90c6d54 elementor-widget elementor-widget-text-editor\" data-id=\"90c6d54\" data-element_type=\"widget\" data-widget_type=\"text-editor.default\">\n\t\t\t\t<div class=\"elementor-widget-container\">\n\t\t\t\t\t\t\t<p>Die auf dieser Webseite verfassten Allgemeinen Gesch\u00e4ftsbedingungen f\u00fcr die Website regeln Ihre Nutzung unserer Website \u03b1starios, die unter https:\/\/astarios.com\/ zug\u00e4nglich ist.<\/p>\n<p>Diese Bedingungen gelten vollst\u00e4ndig und wirken sich auf Ihre Nutzung dieser Website aus. Durch die Nutzung dieser Website erkl\u00e4ren Sie sich damit einverstanden, alle hier aufgef\u00fchrten Gesch\u00e4ftsbedingungen zu akzeptieren. Sie d\u00fcrfen diese Website nicht nutzen, wenn Sie mit den Allgemeinen Gesch\u00e4ftsbedingungen der Website nicht einverstanden sind.<\/p>\n<p>Minderj\u00e4hrigen oder Personen unter 18 Jahren ist die Nutzung dieser Website nicht gestattet.<\/p>\n\t\t\t\t\t\t<\/div>\n\t\t\t\t<\/div>\n\t\t\t\t\t<\/div>\n\t\t\t\t<\/div>\n\t\t<div class=\"elementor-element elementor-element-d6e49c6 e-flex e-con-boxed e-con e-child\" data-id=\"d6e49c6\" data-element_type=\"container\" data-settings=\"{&quot;_ha_eqh_enable&quot;:false}\">\n\t\t\t\t\t<div class=\"e-con-inner\">\n\t\t\t\t<div class=\"elementor-element elementor-element-632d166 elementor-widget elementor-widget-text-editor\" data-id=\"632d166\" data-element_type=\"widget\" data-widget_type=\"text-editor.default\">\n\t\t\t\t<div class=\"elementor-widget-container\">\n\t\t\t\t\t\t\t<p>Rechte an geistigem Eigentum<\/p>\n\t\t\t\t\t\t<\/div>\n\t\t\t\t<\/div>\n\t\t\t\t<div class=\"elementor-element elementor-element-5790944 elementor-widget elementor-widget-text-editor\" data-id=\"5790944\" data-element_type=\"widget\" data-widget_type=\"text-editor.default\">\n\t\t\t\t<div class=\"elementor-widget-container\">\n\t\t\t\t\t\t\t<p>Abgesehen von den Inhalten, deren Eigent\u00fcmer Sie sind, besitzen die \u03b1starios GmbH und\/oder ihre Lizenzgeber gem\u00e4\u00df diesen Bedingungen alle geistigen Eigentumsrechte und Materialien, die auf dieser Website enthalten sind.<\/p>\n<p>Ihnen wird eine eingeschr\u00e4nkte Lizenz nur f\u00fcr die Anzeige des auf dieser Website enthaltenen Materials gew\u00e4hrt.<\/p>\n\t\t\t\t\t\t<\/div>\n\t\t\t\t<\/div>\n\t\t\t\t\t<\/div>\n\t\t\t\t<\/div>\n\t\t<div class=\"elementor-element elementor-element-2912913 e-flex e-con-boxed e-con e-child\" data-id=\"2912913\" data-element_type=\"container\" data-settings=\"{&quot;_ha_eqh_enable&quot;:false}\">\n\t\t\t\t\t<div class=\"e-con-inner\">\n\t\t\t\t<div class=\"elementor-element elementor-element-78cd4e0 elementor-widget elementor-widget-text-editor\" data-id=\"78cd4e0\" data-element_type=\"widget\" data-widget_type=\"text-editor.default\">\n\t\t\t\t<div class=\"elementor-widget-container\">\n\t\t\t\t\t\t\t<p>Rechte an geistigem Eigentum<\/p>\n\t\t\t\t\t\t<\/div>\n\t\t\t\t<\/div>\n\t\t\t\t<div class=\"elementor-element elementor-element-1c75918 elementor-widget elementor-widget-text-editor\" data-id=\"1c75918\" data-element_type=\"widget\" data-widget_type=\"text-editor.default\">\n\t\t\t\t<div class=\"elementor-widget-container\">\n\t\t\t\t\t\t\t<p>Folgendes ist Ihnen ausdr\u00fccklich untersagt:<\/p>\n<ul>\n<li>Ver\u00f6ffentlichung von Website-Material in anderen Medien;<\/li>\n<li>Verkauf, Unterlizenzierung und\/oder anderweitige Kommerzialisierung von Website-Material;<br \/>\n\u00f6ffentliches Auff\u00fchren und\/oder Zeigen von Website-Material;<\/li>\n<li>die Nutzung dieser Website in irgendeiner Weise, die dieser Website schadet oder schaden k\u00f6nnte;<\/li>\n<li>die Nutzung dieser Website in irgendeiner Weise, die den Benutzerzugriff auf diese Website beeintr\u00e4chtigt;<\/li>\n<li>Die Nutzung dieser Website verst\u00f6\u00dft gegen geltende Gesetze und Vorschriften oder kann in irgendeiner Weise der Website oder einer anderen Person oder Gesch\u00e4ftseinheit Schaden zuf\u00fcgen;<\/li>\n<li>Beteiligung an Data-Mining, Datenerfassung, Datenextraktion oder anderen \u00e4hnlichen Aktivit\u00e4ten im Zusammenhang mit dieser Website;<\/li>\n<li>Nutzung dieser Website zur Durchf\u00fchrung von Werbung oder Marketing.<\/li>\n<\/ul>\n\t\t\t\t\t\t<\/div>\n\t\t\t\t<\/div>\n\t\t\t\t\t<\/div>\n\t\t\t\t<\/div>\n\t\t<div class=\"elementor-element elementor-element-0fb5189 e-flex e-con-boxed e-con e-child\" data-id=\"0fb5189\" data-element_type=\"container\" data-settings=\"{&quot;_ha_eqh_enable&quot;:false}\">\n\t\t\t\t\t<div class=\"e-con-inner\">\n\t\t\t\t<div class=\"elementor-element elementor-element-e6561c5 elementor-widget elementor-widget-text-editor\" data-id=\"e6561c5\" data-element_type=\"widget\" data-widget_type=\"text-editor.default\">\n\t\t\t\t<div class=\"elementor-widget-container\">\n\t\t\t\t\t\t\t<p>Ihr Inhalt<\/p>\n\t\t\t\t\t\t<\/div>\n\t\t\t\t<\/div>\n\t\t\t\t<div class=\"elementor-element elementor-element-58a9c98 elementor-widget elementor-widget-text-editor\" data-id=\"58a9c98\" data-element_type=\"widget\" data-widget_type=\"text-editor.default\">\n\t\t\t\t<div class=\"elementor-widget-container\">\n\t\t\t\t\t\t\t<p>In diesen Allgemeinen Gesch\u00e4ftsbedingungen f\u00fcr die Website bezeichnet \u201eIhre Inhalte\u201c alle Audio-, Videotexte, Bilder oder anderen Materialien, die Sie auf dieser Website anzeigen m\u00f6chten. Durch die Anzeige Ihrer Inhalte gew\u00e4hren Sie der \u03b1starios GmbH eine nicht ausschlie\u00dfliche, weltweit unwiderrufliche, unterlizenzierbare Lizenz zur Nutzung, Vervielf\u00e4ltigung, Anpassung, Ver\u00f6ffentlichung, \u00dcbersetzung und Verbreitung in allen Medien.<\/p>\n<p>Ihre Inhalte m\u00fcssen Ihre eigenen sein und d\u00fcrfen nicht die Rechte Dritter verletzen. \u03b1starios GmbH beh\u00e4lt sich das Recht vor, Ihre Inhalte jederzeit und ohne Vorank\u00fcndigung von dieser Website zu entfernen.<\/p>\n\t\t\t\t\t\t<\/div>\n\t\t\t\t<\/div>\n\t\t\t\t\t<\/div>\n\t\t\t\t<\/div>\n\t\t<div class=\"elementor-element elementor-element-0e30b4e e-flex e-con-boxed e-con e-child\" data-id=\"0e30b4e\" data-element_type=\"container\" data-settings=\"{&quot;_ha_eqh_enable&quot;:false}\">\n\t\t\t\t\t<div class=\"e-con-inner\">\n\t\t\t\t<div class=\"elementor-element elementor-element-78b5885 elementor-widget elementor-widget-text-editor\" data-id=\"78b5885\" data-element_type=\"widget\" data-widget_type=\"text-editor.default\">\n\t\t\t\t<div class=\"elementor-widget-container\">\n\t\t\t\t\t\t\t<p>Ihre Privatsph\u00e4re<\/p>\n\t\t\t\t\t\t<\/div>\n\t\t\t\t<\/div>\n\t\t\t\t<div class=\"elementor-element elementor-element-45a64c6 elementor-widget elementor-widget-text-editor\" data-id=\"45a64c6\" data-element_type=\"widget\" data-widget_type=\"text-editor.default\">\n\t\t\t\t<div class=\"elementor-widget-container\">\n\t\t\t\t\t\t\t<p>Bitte lesen Sie die <a href=\"https:\/\/astarios.com\/de\/datenschutzrichtlinie\/\">Datenschutzerkl\u00e4rung<\/a>.<\/p>\n\t\t\t\t\t\t<\/div>\n\t\t\t\t<\/div>\n\t\t\t\t\t<\/div>\n\t\t\t\t<\/div>\n\t\t<div class=\"elementor-element elementor-element-822a99a e-flex e-con-boxed e-con e-child\" data-id=\"822a99a\" data-element_type=\"container\" data-settings=\"{&quot;_ha_eqh_enable&quot;:false}\">\n\t\t\t\t\t<div class=\"e-con-inner\">\n\t\t\t\t<div class=\"elementor-element elementor-element-02ac0cb elementor-widget elementor-widget-text-editor\" data-id=\"02ac0cb\" data-element_type=\"widget\" data-widget_type=\"text-editor.default\">\n\t\t\t\t<div class=\"elementor-widget-container\">\n\t\t\t\t\t\t\t<p>Keine Garantien<\/p>\n\t\t\t\t\t\t<\/div>\n\t\t\t\t<\/div>\n\t\t\t\t<div class=\"elementor-element elementor-element-234c094 elementor-widget elementor-widget-text-editor\" data-id=\"234c094\" data-element_type=\"widget\" data-widget_type=\"text-editor.default\">\n\t\t\t\t<div class=\"elementor-widget-container\">\n\t\t\t\t\t\t\t<p>Diese Website wird \u201ewie besehen\u201c mit allen Fehlern bereitgestellt und die \u03b1starios GmbH gibt keinerlei Zusicherungen oder Gew\u00e4hrleistungen jeglicher Art im Zusammenhang mit dieser Website oder den auf dieser Website enthaltenen Materialien ab. Dar\u00fcber hinaus ist nichts auf dieser Website als Empfehlung f\u00fcr Sie zu verstehen.<\/p>\n\t\t\t\t\t\t<\/div>\n\t\t\t\t<\/div>\n\t\t\t\t\t<\/div>\n\t\t\t\t<\/div>\n\t\t<div class=\"elementor-element elementor-element-6bd76bf e-flex e-con-boxed e-con e-child\" data-id=\"6bd76bf\" data-element_type=\"container\" data-settings=\"{&quot;_ha_eqh_enable&quot;:false}\">\n\t\t\t\t\t<div class=\"e-con-inner\">\n\t\t\t\t<div class=\"elementor-element elementor-element-96b18a9 elementor-widget elementor-widget-text-editor\" data-id=\"96b18a9\" data-element_type=\"widget\" data-widget_type=\"text-editor.default\">\n\t\t\t\t<div class=\"elementor-widget-container\">\n\t\t\t\t\t\t\t<p>Haftungsbeschr\u00e4nkung<\/p>\n\t\t\t\t\t\t<\/div>\n\t\t\t\t<\/div>\n\t\t\t\t<div class=\"elementor-element elementor-element-da0bf64 elementor-widget elementor-widget-text-editor\" data-id=\"da0bf64\" data-element_type=\"widget\" data-widget_type=\"text-editor.default\">\n\t\t\t\t<div class=\"elementor-widget-container\">\n\t\t\t\t\t\t\t<p>In keinem Fall haften die \u03b1starios GmbH oder ihre leitenden Angestellten, Direktoren und Mitarbeiter f\u00fcr irgendetwas, das sich aus Ihrer Nutzung dieser Website ergibt oder in irgendeiner Weise damit zusammenh\u00e4ngt, unabh\u00e4ngig davon, ob eine solche Haftung vertraglich vorgesehen ist. Die astarios GmbH, einschlie\u00dflich ihrer leitenden Angestellten, Direktoren und Mitarbeiter, \u00fcbernimmt keine Haftung f\u00fcr indirekte, Folge- oder besondere Haftung, die sich aus oder in irgendeiner Weise im Zusammenhang mit Ihrer Nutzung dieser Website ergibt.<\/p>\n\t\t\t\t\t\t<\/div>\n\t\t\t\t<\/div>\n\t\t\t\t\t<\/div>\n\t\t\t\t<\/div>\n\t\t<div class=\"elementor-element elementor-element-20cfcaf e-flex e-con-boxed e-con e-child\" data-id=\"20cfcaf\" data-element_type=\"container\" data-settings=\"{&quot;_ha_eqh_enable&quot;:false}\">\n\t\t\t\t\t<div class=\"e-con-inner\">\n\t\t\t\t<div class=\"elementor-element elementor-element-6d97239 elementor-widget elementor-widget-text-editor\" data-id=\"6d97239\" data-element_type=\"widget\" data-widget_type=\"text-editor.default\">\n\t\t\t\t<div class=\"elementor-widget-container\">\n\t\t\t\t\t\t\t<p>Entsch\u00e4digung<\/p>\n\t\t\t\t\t\t<\/div>\n\t\t\t\t<\/div>\n\t\t\t\t<div class=\"elementor-element elementor-element-d57db53 elementor-widget elementor-widget-text-editor\" data-id=\"d57db53\" data-element_type=\"widget\" data-widget_type=\"text-editor.default\">\n\t\t\t\t<div class=\"elementor-widget-container\">\n\t\t\t\t\t\t\t<p>Sie stellen die \u03b1starios GmbH hiermit in vollem Umfang von jeglicher Haftung, Kosten, Forderungen, Klagegr\u00fcnden, Sch\u00e4den und Ausgaben frei, die in irgendeiner Weise im Zusammenhang mit Ihrem Versto\u00df gegen eine der Bestimmungen dieser Bedingungen entstehen.<\/p>\n\t\t\t\t\t\t<\/div>\n\t\t\t\t<\/div>\n\t\t\t\t\t<\/div>\n\t\t\t\t<\/div>\n\t\t<div class=\"elementor-element elementor-element-4f8082c e-flex e-con-boxed e-con e-child\" data-id=\"4f8082c\" data-element_type=\"container\" data-settings=\"{&quot;_ha_eqh_enable&quot;:false}\">\n\t\t\t\t\t<div class=\"e-con-inner\">\n\t\t\t\t<div class=\"elementor-element elementor-element-a52a3a2 elementor-widget elementor-widget-text-editor\" data-id=\"a52a3a2\" data-element_type=\"widget\" data-widget_type=\"text-editor.default\">\n\t\t\t\t<div class=\"elementor-widget-container\">\n\t\t\t\t\t\t\t<p>Salvatorische Klausel<\/p>\n\t\t\t\t\t\t<\/div>\n\t\t\t\t<\/div>\n\t\t\t\t<div class=\"elementor-element elementor-element-33bb6fb elementor-widget elementor-widget-text-editor\" data-id=\"33bb6fb\" data-element_type=\"widget\" data-widget_type=\"text-editor.default\">\n\t\t\t\t<div class=\"elementor-widget-container\">\n\t\t\t\t\t\t\t<p>Sollte sich herausstellen, dass eine Bestimmung dieser Bedingungen nach geltendem Recht ung\u00fcltig ist, werden diese Bestimmungen gel\u00f6scht, ohne dass dies Auswirkungen auf die \u00fcbrigen Bestimmungen dieser Bedingungen hat.<\/p>\n\t\t\t\t\t\t<\/div>\n\t\t\t\t<\/div>\n\t\t\t\t\t<\/div>\n\t\t\t\t<\/div>\n\t\t<div class=\"elementor-element elementor-element-8462a03 e-flex e-con-boxed e-con e-child\" data-id=\"8462a03\" data-element_type=\"container\" data-settings=\"{&quot;_ha_eqh_enable&quot;:false}\">\n\t\t\t\t\t<div class=\"e-con-inner\">\n\t\t\t\t<div class=\"elementor-element elementor-element-5977c4e elementor-widget elementor-widget-text-editor\" data-id=\"5977c4e\" data-element_type=\"widget\" data-widget_type=\"text-editor.default\">\n\t\t\t\t<div class=\"elementor-widget-container\">\n\t\t\t\t\t\t\t<p>Variation der Begriffe<\/p>\n\t\t\t\t\t\t<\/div>\n\t\t\t\t<\/div>\n\t\t\t\t<div class=\"elementor-element elementor-element-c029503 elementor-widget elementor-widget-text-editor\" data-id=\"c029503\" data-element_type=\"widget\" data-widget_type=\"text-editor.default\">\n\t\t\t\t<div class=\"elementor-widget-container\">\n\t\t\t\t\t\t\t<p>\u03b1starios GmbH ist berechtigt, diese Bedingungen jederzeit nach eigenem Ermessen zu \u00fcberarbeiten. Durch die Nutzung dieser Website wird von Ihnen erwartet, dass Sie diese Bedingungen regelm\u00e4\u00dfig \u00fcberpr\u00fcfen.<\/p>\n\t\t\t\t\t\t<\/div>\n\t\t\t\t<\/div>\n\t\t\t\t\t<\/div>\n\t\t\t\t<\/div>\n\t\t<div class=\"elementor-element elementor-element-6178893 e-flex e-con-boxed e-con e-child\" data-id=\"6178893\" data-element_type=\"container\" data-settings=\"{&quot;_ha_eqh_enable&quot;:false}\">\n\t\t\t\t\t<div class=\"e-con-inner\">\n\t\t\t\t<div class=\"elementor-element elementor-element-f3f4855 elementor-widget elementor-widget-text-editor\" data-id=\"f3f4855\" data-element_type=\"widget\" data-widget_type=\"text-editor.default\">\n\t\t\t\t<div class=\"elementor-widget-container\">\n\t\t\t\t\t\t\t<p>Abtretung<\/p>\n\t\t\t\t\t\t<\/div>\n\t\t\t\t<\/div>\n\t\t\t\t<div class=\"elementor-element elementor-element-0b01d73 elementor-widget elementor-widget-text-editor\" data-id=\"0b01d73\" data-element_type=\"widget\" data-widget_type=\"text-editor.default\">\n\t\t\t\t<div class=\"elementor-widget-container\">\n\t\t\t\t\t\t\t<p>Die \u03b1starios GmbH ist berechtigt, ihre Rechte und\/oder Pflichten aus diesen Bedingungen ohne vorherige Ank\u00fcndigung abzutreten, zu \u00fcbertragen und unterzuvergeben. Es ist Ihnen jedoch nicht gestattet, Ihre Rechte und\/oder Pflichten aus diesen Bedingungen abzutreten, zu \u00fcbertragen oder unterzuvergeben.<\/p>\n\t\t\t\t\t\t<\/div>\n\t\t\t\t<\/div>\n\t\t\t\t\t<\/div>\n\t\t\t\t<\/div>\n\t\t<div class=\"elementor-element elementor-element-b6ce664 e-flex e-con-boxed e-con e-child\" data-id=\"b6ce664\" data-element_type=\"container\" data-settings=\"{&quot;_ha_eqh_enable&quot;:false}\">\n\t\t\t\t\t<div class=\"e-con-inner\">\n\t\t\t\t<div class=\"elementor-element elementor-element-a654f91 elementor-widget elementor-widget-text-editor\" data-id=\"a654f91\" data-element_type=\"widget\" data-widget_type=\"text-editor.default\">\n\t\t\t\t<div class=\"elementor-widget-container\">\n\t\t\t\t\t\t\t<p>Ganze Vereinbarung<\/p>\n\t\t\t\t\t\t<\/div>\n\t\t\t\t<\/div>\n\t\t\t\t<div class=\"elementor-element elementor-element-b6d9b74 elementor-widget elementor-widget-text-editor\" data-id=\"b6d9b74\" data-element_type=\"widget\" data-widget_type=\"text-editor.default\">\n\t\t\t\t<div class=\"elementor-widget-container\">\n\t\t\t\t\t\t\t<p>Diese Bedingungen stellen die gesamte Vereinbarung zwischen der \u03b1starios GmbH und Ihnen in Bezug auf Ihre Nutzung dieser Website dar und ersetzen alle vorherigen Vereinbarungen und Absprachen.<\/p>\n\t\t\t\t\t\t<\/div>\n\t\t\t\t<\/div>\n\t\t\t\t\t<\/div>\n\t\t\t\t<\/div>\n\t\t<div class=\"elementor-element elementor-element-a57b0dd e-flex e-con-boxed e-con e-child\" data-id=\"a57b0dd\" data-element_type=\"container\" data-settings=\"{&quot;_ha_eqh_enable&quot;:false}\">\n\t\t\t\t\t<div class=\"e-con-inner\">\n\t\t\t\t<div class=\"elementor-element elementor-element-859379b elementor-widget elementor-widget-text-editor\" data-id=\"859379b\" data-element_type=\"widget\" data-widget_type=\"text-editor.default\">\n\t\t\t\t<div class=\"elementor-widget-container\">\n\t\t\t\t\t\t\t<p>Anwendbares Recht und Gerichtsstand<\/p>\n\t\t\t\t\t\t<\/div>\n\t\t\t\t<\/div>\n\t\t\t\t<div class=\"elementor-element elementor-element-459b00c elementor-widget elementor-widget-text-editor\" data-id=\"459b00c\" data-element_type=\"widget\" data-widget_type=\"text-editor.default\">\n\t\t\t\t<div class=\"elementor-widget-container\">\n\t\t\t\t\t\t\t<p>Diese Bedingungen unterliegen den Gesetzen der Schweiz und werden in \u00dcbereinstimmung mit diesen ausgelegt. Sie unterwerfen sich f\u00fcr die Beilegung etwaiger Streitigkeiten der nicht ausschlie\u00dflichen Zust\u00e4ndigkeit der Landes- und Bundesgerichte in der Schweiz.<\/p>\n\t\t\t\t\t\t<\/div>\n\t\t\t\t<\/div>\n\t\t\t\t\t<\/div>\n\t\t\t\t<\/div>\n\t\t\t\t\t<\/div>\n\t\t\t\t<\/div>\n\t\t\t\t\t<\/div>\n\t\t\t\t<\/div>\n\t\t\t\t<\/div>\n\t\t","protected":false},"excerpt":{"rendered":"<p>Gesch\u00e4ftsbedingungen Allgemeine Gesch\u00e4ftsbedingungen der \u03b1starios GmbH Einf\u00fchrung Die auf dieser Webseite verfassten Allgemeinen Gesch\u00e4ftsbedingungen f\u00fcr die Website regeln Ihre Nutzung unserer Website \u03b1starios, die unter https:\/\/astarios.com\/ zug\u00e4nglich ist. Diese Bedingungen gelten vollst\u00e4ndig und wirken sich auf Ihre Nutzung dieser Website aus. Durch die Nutzung dieser Website erkl\u00e4ren Sie sich damit einverstanden, alle hier aufgef\u00fchrten Gesch\u00e4ftsbedingungen [&hellip;]<\/p>\n","protected":false},"author":1,"featured_media":0,"parent":0,"menu_order":0,"comment_status":"closed","ping_status":"closed","template":"elementor_theme","meta":{"footnotes":""},"class_list":["post-3680","page","type-page","status-publish","hentry"],"_links":{"self":[{"href":"https:\/\/astarios.com\/de\/wp-json\/wp\/v2\/pages\/3680","targetHints":{"allow":["GET"]}}],"collection":[{"href":"https:\/\/astarios.com\/de\/wp-json\/wp\/v2\/pages"}],"about":[{"href":"https:\/\/astarios.com\/de\/wp-json\/wp\/v2\/types\/page"}],"author":[{"embeddable":true,"href":"https:\/\/astarios.com\/de\/wp-json\/wp\/v2\/users\/1"}],"replies":[{"embeddable":true,"href":"https:\/\/astarios.com\/de\/wp-json\/wp\/v2\/comments?post=3680"}],"version-history":[{"count":0,"href":"https:\/\/astarios.com\/de\/wp-json\/wp\/v2\/pages\/3680\/revisions"}],"wp:attachment":[{"href":"https:\/\/astarios.com\/de\/wp-json\/wp\/v2\/media?parent=3680"}],"curies":[{"name":"wp","href":"https:\/\/api.w.org\/{rel}","templated":true}]}}