{"id":3694,"date":"2023-11-29T06:54:21","date_gmt":"2023-11-29T04:54:21","guid":{"rendered":"https:\/\/astarios.com\/fuehrungsteam\/"},"modified":"2025-10-03T12:51:59","modified_gmt":"2025-10-03T10:51:59","slug":"fuhrungsteam","status":"publish","type":"page","link":"https:\/\/astarios.com\/de\/fuhrungsteam\/","title":{"rendered":"F\u00fchrungsteam"},"content":{"rendered":"\t\t<div data-elementor-type=\"wp-page\" data-elementor-id=\"3694\" class=\"elementor elementor-3694 elementor-419\" data-elementor-settings=\"{&quot;ha_cmc_init_switcher&quot;:&quot;no&quot;}\" data-elementor-post-type=\"page\">\n\t\t\t\t<div class=\"elementor-element elementor-element-21bb23f e-flex e-con-boxed e-con e-parent\" data-id=\"21bb23f\" data-element_type=\"container\" data-settings=\"{&quot;_ha_eqh_enable&quot;:false}\">\n\t\t\t\t\t<div class=\"e-con-inner\">\n\t\t<div class=\"elementor-element elementor-element-5a7042b radiusborder animated-slow e-flex e-con-boxed elementor-invisible e-con e-child\" data-id=\"5a7042b\" data-element_type=\"container\" data-settings=\"{&quot;background_background&quot;:&quot;classic&quot;,&quot;animation&quot;:&quot;fadeIn&quot;,&quot;animation_delay&quot;:150,&quot;_ha_eqh_enable&quot;:false}\">\n\t\t\t\t\t<div class=\"e-con-inner\">\n\t\t\t\t<div class=\"elementor-element elementor-element-ccf35f5 elementor-widget__width-initial elementor-hidden-desktop elementor-hidden-laptop elementor-widget elementor-widget-text-editor\" data-id=\"ccf35f5\" data-element_type=\"widget\" data-widget_type=\"text-editor.default\">\n\t\t\t\t<div class=\"elementor-widget-container\">\n\t\t\t<style>\/*! elementor - v3.22.0 - 17-06-2024 *\/\n.elementor-widget-text-editor.elementor-drop-cap-view-stacked .elementor-drop-cap{background-color:#69727d;color:#fff}.elementor-widget-text-editor.elementor-drop-cap-view-framed .elementor-drop-cap{color:#69727d;border:3px solid;background-color:transparent}.elementor-widget-text-editor:not(.elementor-drop-cap-view-default) .elementor-drop-cap{margin-top:8px}.elementor-widget-text-editor:not(.elementor-drop-cap-view-default) .elementor-drop-cap-letter{width:1em;height:1em}.elementor-widget-text-editor .elementor-drop-cap{float:left;text-align:center;line-height:1;font-size:50px}.elementor-widget-text-editor .elementor-drop-cap-letter{display:inline-block}<\/style>\t\t\t\t<p><span>Astarios ist die Essenz von 30 Jahren Star-Erfahrung in der Softwareentwicklung f\u00fcr verschiedene Branchen, erstellt und verwaltet von Technikbegeisterten aus der Ukraine und der Schweiz. <\/span><\/p>\n<p><span>Beabsichtigen Sie, ein Projekt zu erstellen, das darauf abzielt, Ihre Domain auf den Kopf zu stellen? Lassen Sie uns Ihr vertrauensw\u00fcrdiger Partner, F\u00fchrer und Lieferant sein, w\u00e4hrend Sie die Sterne erreichen. <\/span><\/p>\n\t\t\t\t\t\t<\/div>\n\t\t\t\t<\/div>\n\t\t\t\t<div class=\"elementor-element elementor-element-feae8e3 elementor-widget__width-initial elementor-hidden-tablet elementor-hidden-mobile elementor-widget elementor-widget-text-editor\" data-id=\"feae8e3\" data-element_type=\"widget\" data-widget_type=\"text-editor.default\">\n\t\t\t\t<div class=\"elementor-widget-container\">\n\t\t\t\t\t\t\t<p><span>Astarios ist die Essenz von 30 Jahren Star-Erfahrung in der Softwareentwicklung f\u00fcr verschiedene Branchen, erstellt und verwaltet von Technikbegeisterten aus der Ukraine und der Schweiz. <\/span>Beabsichtigen Sie, ein Projekt zu erstellen, das darauf abzielt, Ihre Domain auf den Kopf zu stellen? Lassen Sie uns Ihr vertrauensw\u00fcrdiger Partner, F\u00fchrer und Lieferant sein, w\u00e4hrend Sie die Sterne erreichen.<\/p>\n\t\t\t\t\t\t<\/div>\n\t\t\t\t<\/div>\n\t\t\t\t<div class=\"elementor-element elementor-element-4c5b125 elementor-widget elementor-widget-heading\" data-id=\"4c5b125\" data-element_type=\"widget\" data-widget_type=\"heading.default\">\n\t\t\t\t<div class=\"elementor-widget-container\">\n\t\t\t<style>\/*! elementor - v3.22.0 - 17-06-2024 *\/\n.elementor-heading-title{padding:0;margin:0;line-height:1}.elementor-widget-heading .elementor-heading-title[class*=elementor-size-]>a{color:inherit;font-size:inherit;line-height:inherit}.elementor-widget-heading .elementor-heading-title.elementor-size-small{font-size:15px}.elementor-widget-heading .elementor-heading-title.elementor-size-medium{font-size:19px}.elementor-widget-heading .elementor-heading-title.elementor-size-large{font-size:29px}.elementor-widget-heading .elementor-heading-title.elementor-size-xl{font-size:39px}.elementor-widget-heading .elementor-heading-title.elementor-size-xxl{font-size:59px}<\/style><h1 class=\"elementor-heading-title elementor-size-default\">Das Management-Team von Astarios<\/h1>\t\t<\/div>\n\t\t\t\t<\/div>\n\t\t\t\t\t<\/div>\n\t\t\t\t<\/div>\n\t\t\t\t\t<\/div>\n\t\t\t\t<\/div>\n\t\t<div class=\"elementor-element elementor-element-0405763 elementor-hidden-tablet elementor-hidden-mobile elementor-hidden-laptop e-flex e-con-boxed e-con e-parent\" data-id=\"0405763\" data-element_type=\"container\" data-settings=\"{&quot;_ha_eqh_enable&quot;:false}\">\n\t\t\t\t\t<div class=\"e-con-inner\">\n\t\t<div class=\"elementor-element elementor-element-5c07e9d radiusborder e-flex e-con-boxed e-con e-child\" data-id=\"5c07e9d\" data-element_type=\"container\" data-settings=\"{&quot;background_background&quot;:&quot;classic&quot;,&quot;_ha_eqh_enable&quot;:false}\">\n\t\t\t\t\t<div class=\"e-con-inner\">\n\t\t<div class=\"elementor-element elementor-element-d25d951 e-con-full e-flex e-con e-child\" data-id=\"d25d951\" data-element_type=\"container\" data-settings=\"{&quot;_ha_eqh_enable&quot;:false}\">\n\t\t\t\t<div class=\"elementor-element elementor-element-6c799e9 elementor-widget elementor-widget-image\" data-id=\"6c799e9\" data-element_type=\"widget\" data-widget_type=\"image.default\">\n\t\t\t\t<div class=\"elementor-widget-container\">\n\t\t\t<style>\/*! elementor - v3.22.0 - 17-06-2024 *\/\n.elementor-widget-image{text-align:center}.elementor-widget-image a{display:inline-block}.elementor-widget-image a img[src$=\".svg\"]{width:48px}.elementor-widget-image img{vertical-align:middle;display:inline-block}<\/style>\t\t\t\t\t\t\t\t\t\t<img fetchpriority=\"high\" decoding=\"async\" width=\"381\" height=\"446\" src=\"https:\/\/astarios.com\/wp-content\/uploads\/2023\/11\/Andreas_Lepenets.png\" class=\"attachment-full size-full wp-image-854\" alt=\"Andreas_Lepenets\" srcset=\"https:\/\/astarios.com\/wp-content\/uploads\/2023\/11\/Andreas_Lepenets.png 381w, https:\/\/astarios.com\/wp-content\/uploads\/2023\/11\/Andreas_Lepenets-256x300.png 256w\" sizes=\"(max-width: 381px) 100vw, 381px\" \/>\t\t\t\t\t\t\t\t\t\t\t\t\t<\/div>\n\t\t\t\t<\/div>\n\t\t\t\t<\/div>\n\t\t<div class=\"elementor-element elementor-element-bbb885c e-flex e-con-boxed e-con e-child\" data-id=\"bbb885c\" data-element_type=\"container\" data-settings=\"{&quot;_ha_eqh_enable&quot;:false}\">\n\t\t\t\t\t<div class=\"e-con-inner\">\n\t\t\t\t<div class=\"elementor-element elementor-element-4f2f58f elementor-widget elementor-widget-heading\" data-id=\"4f2f58f\" data-element_type=\"widget\" data-widget_type=\"heading.default\">\n\t\t\t\t<div class=\"elementor-widget-container\">\n\t\t\t<h2 class=\"elementor-heading-title elementor-size-default\">Andreas Lepenets<\/h2>\t\t<\/div>\n\t\t\t\t<\/div>\n\t\t\t\t<div class=\"elementor-element elementor-element-890cbc9 elementor-widget elementor-widget-heading\" data-id=\"890cbc9\" data-element_type=\"widget\" data-widget_type=\"heading.default\">\n\t\t\t\t<div class=\"elementor-widget-container\">\n\t\t\t<h3 class=\"elementor-heading-title elementor-size-default\">Mitbegr\u00fcnder und CEO<\/h3>\t\t<\/div>\n\t\t\t\t<\/div>\n\t\t\t\t<div class=\"elementor-element elementor-element-c3b8f8f elementor-widget elementor-widget-text-editor\" data-id=\"c3b8f8f\" data-element_type=\"widget\" data-widget_type=\"text-editor.default\">\n\t\t\t\t<div class=\"elementor-widget-container\">\n\t\t\t\t\t\t\t<p>Lernen Sie Andreas kennen, eine vision\u00e4re F\u00fchrungskraft mit einem renommierten MBA-Abschluss und \u00fcber einem Jahrzehnt Erfahrung in der \u00dcberwachung des Engagement-Managements f\u00fcr die TOP-3-Outsourcing-Unternehmen der Ukraine. Bei der Gr\u00fcndung von Astarios hat Andreas die innovativsten Ans\u00e4tze umgesetzt, um eine erstklassige Einstellung, Verwaltung und Bereitstellung zu gew\u00e4hrleisten.<\/p>\n\t\t\t\t\t\t<\/div>\n\t\t\t\t<\/div>\n\t\t\t\t\t<\/div>\n\t\t\t\t<\/div>\n\t\t\t\t\t<\/div>\n\t\t\t\t<\/div>\n\t\t<div class=\"elementor-element elementor-element-a50f8e7 radiusborder e-flex e-con-boxed e-con e-child\" data-id=\"a50f8e7\" data-element_type=\"container\" data-settings=\"{&quot;background_background&quot;:&quot;classic&quot;,&quot;_ha_eqh_enable&quot;:false}\">\n\t\t\t\t\t<div class=\"e-con-inner\">\n\t\t<div class=\"elementor-element elementor-element-f7044b6 e-con-full e-flex e-con e-child\" data-id=\"f7044b6\" data-element_type=\"container\" data-settings=\"{&quot;_ha_eqh_enable&quot;:false}\">\n\t\t\t\t<div class=\"elementor-element elementor-element-2af3fef elementor-widget elementor-widget-image\" data-id=\"2af3fef\" data-element_type=\"widget\" data-widget_type=\"image.default\">\n\t\t\t\t<div class=\"elementor-widget-container\">\n\t\t\t\t\t\t\t\t\t\t\t\t\t<img decoding=\"async\" width=\"381\" height=\"446\" src=\"https:\/\/astarios.com\/wp-content\/uploads\/2023\/11\/Reto_Kaeser.png\" class=\"attachment-full size-full wp-image-852\" alt=\"Reto_Kaeser\" srcset=\"https:\/\/astarios.com\/wp-content\/uploads\/2023\/11\/Reto_Kaeser.png 381w, https:\/\/astarios.com\/wp-content\/uploads\/2023\/11\/Reto_Kaeser-256x300.png 256w\" sizes=\"(max-width: 381px) 100vw, 381px\" \/>\t\t\t\t\t\t\t\t\t\t\t\t\t<\/div>\n\t\t\t\t<\/div>\n\t\t\t\t<\/div>\n\t\t<div class=\"elementor-element elementor-element-761a055 e-flex e-con-boxed e-con e-child\" data-id=\"761a055\" data-element_type=\"container\" data-settings=\"{&quot;_ha_eqh_enable&quot;:false}\">\n\t\t\t\t\t<div class=\"e-con-inner\">\n\t\t\t\t<div class=\"elementor-element elementor-element-7024aa5 elementor-widget elementor-widget-heading\" data-id=\"7024aa5\" data-element_type=\"widget\" data-widget_type=\"heading.default\">\n\t\t\t\t<div class=\"elementor-widget-container\">\n\t\t\t<h2 class=\"elementor-heading-title elementor-size-default\">Reto Kaeser<\/h2>\t\t<\/div>\n\t\t\t\t<\/div>\n\t\t\t\t<div class=\"elementor-element elementor-element-d062dba elementor-widget elementor-widget-heading\" data-id=\"d062dba\" data-element_type=\"widget\" data-widget_type=\"heading.default\">\n\t\t\t\t<div class=\"elementor-widget-container\">\n\t\t\t<h3 class=\"elementor-heading-title elementor-size-default\">Partner & CISO<\/h3>\t\t<\/div>\n\t\t\t\t<\/div>\n\t\t\t\t<div class=\"elementor-element elementor-element-b56f8a2 elementor-widget elementor-widget-text-editor\" data-id=\"b56f8a2\" data-element_type=\"widget\" data-widget_type=\"text-editor.default\">\n\t\t\t\t<div class=\"elementor-widget-container\">\n\t\t\t\t\t\t\t<p>Lernen Sie Reto kennen, einen \u00e4u\u00dferst erfahrenen Hauptentwickler mit mehr als 30 Jahren Erfahrung in der Schweizer Technologiebranche. Retos Erfahrung in den hochmodernen Bereichen Sicherheit, IoT, FinTech, KI und maschinelles Lernen hat sich in eine effiziente Partnerschaft verwandelt, die Astarios zu einem der f\u00fchrenden Softwareentwicklungsunternehmen gemacht hat.<\/p>\n\t\t\t\t\t\t<\/div>\n\t\t\t\t<\/div>\n\t\t\t\t\t<\/div>\n\t\t\t\t<\/div>\n\t\t\t\t\t<\/div>\n\t\t\t\t<\/div>\n\t\t\t\t\t<\/div>\n\t\t\t\t<\/div>\n\t\t<div class=\"elementor-element elementor-element-3e31a7f elementor-hidden-desktop elementor-hidden-mobile e-flex e-con-boxed e-con e-parent\" data-id=\"3e31a7f\" data-element_type=\"container\" data-settings=\"{&quot;_ha_eqh_enable&quot;:false}\">\n\t\t\t\t\t<div class=\"e-con-inner\">\n\t\t<div class=\"elementor-element elementor-element-beab538 radiusborder e-flex e-con-boxed e-con e-child\" data-id=\"beab538\" data-element_type=\"container\" data-settings=\"{&quot;background_background&quot;:&quot;classic&quot;,&quot;_ha_eqh_enable&quot;:false}\">\n\t\t\t\t\t<div class=\"e-con-inner\">\n\t\t<div class=\"elementor-element elementor-element-52f989d e-flex e-con-boxed e-con e-child\" data-id=\"52f989d\" data-element_type=\"container\" data-settings=\"{&quot;_ha_eqh_enable&quot;:false}\">\n\t\t\t\t\t<div class=\"e-con-inner\">\n\t\t\t\t<div class=\"elementor-element elementor-element-c011d85 elementor-widget elementor-widget-image\" data-id=\"c011d85\" data-element_type=\"widget\" data-widget_type=\"image.default\">\n\t\t\t\t<div class=\"elementor-widget-container\">\n\t\t\t\t\t\t\t\t\t\t\t\t\t<img fetchpriority=\"high\" decoding=\"async\" width=\"381\" height=\"446\" src=\"https:\/\/astarios.com\/wp-content\/uploads\/2023\/11\/Andreas_Lepenets.png\" class=\"attachment-full size-full wp-image-854\" alt=\"Andreas_Lepenets\" srcset=\"https:\/\/astarios.com\/wp-content\/uploads\/2023\/11\/Andreas_Lepenets.png 381w, https:\/\/astarios.com\/wp-content\/uploads\/2023\/11\/Andreas_Lepenets-256x300.png 256w\" sizes=\"(max-width: 381px) 100vw, 381px\" \/>\t\t\t\t\t\t\t\t\t\t\t\t\t<\/div>\n\t\t\t\t<\/div>\n\t\t\t\t\t<\/div>\n\t\t\t\t<\/div>\n\t\t<div class=\"elementor-element elementor-element-a4336a6 e-flex e-con-boxed e-con e-child\" data-id=\"a4336a6\" data-element_type=\"container\" data-settings=\"{&quot;_ha_eqh_enable&quot;:false}\">\n\t\t\t\t\t<div class=\"e-con-inner\">\n\t\t\t\t<div class=\"elementor-element elementor-element-2277a88 elementor-widget elementor-widget-heading\" data-id=\"2277a88\" data-element_type=\"widget\" data-widget_type=\"heading.default\">\n\t\t\t\t<div class=\"elementor-widget-container\">\n\t\t\t<h2 class=\"elementor-heading-title elementor-size-default\">Andreas Lepenets<\/h2>\t\t<\/div>\n\t\t\t\t<\/div>\n\t\t\t\t<div class=\"elementor-element elementor-element-80fd9c0 elementor-widget elementor-widget-heading\" data-id=\"80fd9c0\" data-element_type=\"widget\" data-widget_type=\"heading.default\">\n\t\t\t\t<div class=\"elementor-widget-container\">\n\t\t\t<h3 class=\"elementor-heading-title elementor-size-default\">Mitbegr\u00fcnder und CEO<\/h3>\t\t<\/div>\n\t\t\t\t<\/div>\n\t\t\t\t<div class=\"elementor-element elementor-element-a93ada1 elementor-widget elementor-widget-text-editor\" data-id=\"a93ada1\" data-element_type=\"widget\" data-widget_type=\"text-editor.default\">\n\t\t\t\t<div class=\"elementor-widget-container\">\n\t\t\t\t\t\t\t<p>Lernen Sie Andreas kennen, eine vision\u00e4re F\u00fchrungskraft mit einem renommierten MBA-Abschluss und \u00fcber einem Jahrzehnt Erfahrung in der \u00dcberwachung des Engagement-Managements f\u00fcr die TOP-3-Outsourcing-Unternehmen der Ukraine. Bei der Gr\u00fcndung von Astarios hat Andreas die innovativsten Ans\u00e4tze umgesetzt, um eine erstklassige Einstellung, Verwaltung und Bereitstellung zu gew\u00e4hrleisten.<\/p>\n\t\t\t\t\t\t<\/div>\n\t\t\t\t<\/div>\n\t\t\t\t\t<\/div>\n\t\t\t\t<\/div>\n\t\t\t\t\t<\/div>\n\t\t\t\t<\/div>\n\t\t<div class=\"elementor-element elementor-element-855bdf5 radiusborder e-flex e-con-boxed e-con e-child\" data-id=\"855bdf5\" data-element_type=\"container\" data-settings=\"{&quot;background_background&quot;:&quot;classic&quot;,&quot;_ha_eqh_enable&quot;:false}\">\n\t\t\t\t\t<div class=\"e-con-inner\">\n\t\t<div class=\"elementor-element elementor-element-ba6a0d2 e-flex e-con-boxed e-con e-child\" data-id=\"ba6a0d2\" data-element_type=\"container\" data-settings=\"{&quot;_ha_eqh_enable&quot;:false}\">\n\t\t\t\t\t<div class=\"e-con-inner\">\n\t\t\t\t<div class=\"elementor-element elementor-element-9a9fef4 elementor-widget elementor-widget-image\" data-id=\"9a9fef4\" data-element_type=\"widget\" data-widget_type=\"image.default\">\n\t\t\t\t<div class=\"elementor-widget-container\">\n\t\t\t\t\t\t\t\t\t\t\t\t\t<img decoding=\"async\" width=\"381\" height=\"446\" src=\"https:\/\/astarios.com\/wp-content\/uploads\/2023\/11\/Reto_Kaeser.png\" class=\"attachment-full size-full wp-image-852\" alt=\"Reto_Kaeser\" srcset=\"https:\/\/astarios.com\/wp-content\/uploads\/2023\/11\/Reto_Kaeser.png 381w, https:\/\/astarios.com\/wp-content\/uploads\/2023\/11\/Reto_Kaeser-256x300.png 256w\" sizes=\"(max-width: 381px) 100vw, 381px\" \/>\t\t\t\t\t\t\t\t\t\t\t\t\t<\/div>\n\t\t\t\t<\/div>\n\t\t\t\t\t<\/div>\n\t\t\t\t<\/div>\n\t\t<div class=\"elementor-element elementor-element-d696bde e-flex e-con-boxed e-con e-child\" data-id=\"d696bde\" data-element_type=\"container\" data-settings=\"{&quot;_ha_eqh_enable&quot;:false}\">\n\t\t\t\t\t<div class=\"e-con-inner\">\n\t\t\t\t<div class=\"elementor-element elementor-element-a6ceebd elementor-widget elementor-widget-heading\" data-id=\"a6ceebd\" data-element_type=\"widget\" data-widget_type=\"heading.default\">\n\t\t\t\t<div class=\"elementor-widget-container\">\n\t\t\t<h2 class=\"elementor-heading-title elementor-size-default\">Reto Kaeser<\/h2>\t\t<\/div>\n\t\t\t\t<\/div>\n\t\t\t\t<div class=\"elementor-element elementor-element-00aaace elementor-widget elementor-widget-heading\" data-id=\"00aaace\" data-element_type=\"widget\" data-widget_type=\"heading.default\">\n\t\t\t\t<div class=\"elementor-widget-container\">\n\t\t\t<h3 class=\"elementor-heading-title elementor-size-default\">Partner & CISO<\/h3>\t\t<\/div>\n\t\t\t\t<\/div>\n\t\t\t\t<div class=\"elementor-element elementor-element-6d0c5d9 elementor-widget elementor-widget-text-editor\" data-id=\"6d0c5d9\" data-element_type=\"widget\" data-widget_type=\"text-editor.default\">\n\t\t\t\t<div class=\"elementor-widget-container\">\n\t\t\t\t\t\t\t<p>Lernen Sie Reto kennen, einen \u00e4u\u00dferst erfahrenen Hauptentwickler mit mehr als 30 Jahren Erfahrung in der Schweizer Technologiebranche. Retos Erfahrung in den hochmodernen Bereichen Sicherheit, IoT, FinTech, KI und maschinelles Lernen hat sich in eine effiziente Partnerschaft verwandelt, die Astarios zu einem der f\u00fchrenden Softwareentwicklungsunternehmen gemacht hat.<\/p>\n\t\t\t\t\t\t<\/div>\n\t\t\t\t<\/div>\n\t\t\t\t\t<\/div>\n\t\t\t\t<\/div>\n\t\t\t\t\t<\/div>\n\t\t\t\t<\/div>\n\t\t\t\t\t<\/div>\n\t\t\t\t<\/div>\n\t\t<div class=\"elementor-element elementor-element-0046e83 elementor-hidden-desktop elementor-hidden-tablet elementor-hidden-laptop e-flex e-con-boxed e-con e-parent\" data-id=\"0046e83\" data-element_type=\"container\" data-settings=\"{&quot;_ha_eqh_enable&quot;:false}\">\n\t\t\t\t\t<div class=\"e-con-inner\">\n\t\t<div class=\"elementor-element elementor-element-9da27e4 radiusborder e-flex e-con-boxed e-con e-child\" data-id=\"9da27e4\" data-element_type=\"container\" data-settings=\"{&quot;background_background&quot;:&quot;classic&quot;,&quot;_ha_eqh_enable&quot;:false}\">\n\t\t\t\t\t<div class=\"e-con-inner\">\n\t\t<div class=\"elementor-element elementor-element-9b1f7e0 e-con-full e-flex e-con e-child\" data-id=\"9b1f7e0\" data-element_type=\"container\" data-settings=\"{&quot;_ha_eqh_enable&quot;:false}\">\n\t\t\t\t<div class=\"elementor-element elementor-element-2e616a5 elementor-widget elementor-widget-image\" data-id=\"2e616a5\" data-element_type=\"widget\" data-widget_type=\"image.default\">\n\t\t\t\t<div class=\"elementor-widget-container\">\n\t\t\t\t\t\t\t\t\t\t\t\t\t<img decoding=\"async\" width=\"126\" height=\"148\" src=\"https:\/\/astarios.com\/wp-content\/uploads\/2023\/11\/Andreas_Lepenets_m.png\" class=\"attachment-full size-full wp-image-858\" alt=\"Andreas_Lepenets\" \/>\t\t\t\t\t\t\t\t\t\t\t\t\t<\/div>\n\t\t\t\t<\/div>\n\t\t\t\t<\/div>\n\t\t<div class=\"elementor-element elementor-element-9ff3165 e-con-full e-flex e-con e-child\" data-id=\"9ff3165\" data-element_type=\"container\" data-settings=\"{&quot;_ha_eqh_enable&quot;:false}\">\n\t\t\t\t<div class=\"elementor-element elementor-element-0066cd6 elementor-widget-mobile__width-initial elementor-widget elementor-widget-heading\" data-id=\"0066cd6\" data-element_type=\"widget\" data-widget_type=\"heading.default\">\n\t\t\t\t<div class=\"elementor-widget-container\">\n\t\t\t<h2 class=\"elementor-heading-title elementor-size-default\">Andreas Lepenets<\/h2>\t\t<\/div>\n\t\t\t\t<\/div>\n\t\t\t\t<div class=\"elementor-element elementor-element-2989036 elementor-widget elementor-widget-heading\" data-id=\"2989036\" data-element_type=\"widget\" data-widget_type=\"heading.default\">\n\t\t\t\t<div class=\"elementor-widget-container\">\n\t\t\t<h3 class=\"elementor-heading-title elementor-size-default\">Mitbegr\u00fcnder und CEO<\/h3>\t\t<\/div>\n\t\t\t\t<\/div>\n\t\t\t\t<\/div>\n\t\t<div class=\"elementor-element elementor-element-a132449 e-flex e-con-boxed e-con e-child\" data-id=\"a132449\" data-element_type=\"container\" data-settings=\"{&quot;_ha_eqh_enable&quot;:false}\">\n\t\t\t\t\t<div class=\"e-con-inner\">\n\t\t\t\t<div class=\"elementor-element elementor-element-731efb4 elementor-widget-mobile__width-initial elementor-widget elementor-widget-text-editor\" data-id=\"731efb4\" data-element_type=\"widget\" data-widget_type=\"text-editor.default\">\n\t\t\t\t<div class=\"elementor-widget-container\">\n\t\t\t\t\t\t\t<p>Lernen Sie Andreas kennen, eine vision\u00e4re F\u00fchrungskraft mit einem renommierten MBA-Abschluss und \u00fcber einem Jahrzehnt Erfahrung in der \u00dcberwachung des Engagement-Managements f\u00fcr die TOP-3-Outsourcing-Unternehmen der Ukraine. Bei der Gr\u00fcndung von Astarios hat Andreas die innovativsten Ans\u00e4tze umgesetzt, um eine erstklassige Einstellung, Verwaltung und Bereitstellung zu gew\u00e4hrleisten.<\/p>\n\t\t\t\t\t\t<\/div>\n\t\t\t\t<\/div>\n\t\t\t\t\t<\/div>\n\t\t\t\t<\/div>\n\t\t\t\t\t<\/div>\n\t\t\t\t<\/div>\n\t\t<div class=\"elementor-element elementor-element-31e7c1d radiusborder e-flex e-con-boxed e-con e-child\" data-id=\"31e7c1d\" data-element_type=\"container\" data-settings=\"{&quot;background_background&quot;:&quot;classic&quot;,&quot;_ha_eqh_enable&quot;:false}\">\n\t\t\t\t\t<div class=\"e-con-inner\">\n\t\t<div class=\"elementor-element elementor-element-16ae1c7 e-con-full e-flex e-con e-child\" data-id=\"16ae1c7\" data-element_type=\"container\" data-settings=\"{&quot;_ha_eqh_enable&quot;:false}\">\n\t\t\t\t<div class=\"elementor-element elementor-element-dc91bff elementor-widget elementor-widget-image\" data-id=\"dc91bff\" data-element_type=\"widget\" data-widget_type=\"image.default\">\n\t\t\t\t<div class=\"elementor-widget-container\">\n\t\t\t\t\t\t\t\t\t\t\t\t\t<img loading=\"lazy\" decoding=\"async\" width=\"126\" height=\"148\" src=\"https:\/\/astarios.com\/wp-content\/uploads\/2023\/11\/Reto_Kaeser_m.png\" class=\"attachment-full size-full wp-image-856\" alt=\"Reto_Kaeser\" \/>\t\t\t\t\t\t\t\t\t\t\t\t\t<\/div>\n\t\t\t\t<\/div>\n\t\t\t\t<\/div>\n\t\t<div class=\"elementor-element elementor-element-66be655 e-con-full e-flex e-con e-child\" data-id=\"66be655\" data-element_type=\"container\" data-settings=\"{&quot;_ha_eqh_enable&quot;:false}\">\n\t\t\t\t<div class=\"elementor-element elementor-element-27f4f13 elementor-widget-mobile__width-initial elementor-widget elementor-widget-heading\" data-id=\"27f4f13\" data-element_type=\"widget\" data-widget_type=\"heading.default\">\n\t\t\t\t<div class=\"elementor-widget-container\">\n\t\t\t<h2 class=\"elementor-heading-title elementor-size-default\">Reto Kaeser<\/h2>\t\t<\/div>\n\t\t\t\t<\/div>\n\t\t\t\t<div class=\"elementor-element elementor-element-43268c0 elementor-widget elementor-widget-heading\" data-id=\"43268c0\" data-element_type=\"widget\" data-widget_type=\"heading.default\">\n\t\t\t\t<div class=\"elementor-widget-container\">\n\t\t\t<h3 class=\"elementor-heading-title elementor-size-default\">Partner & CISO<\/h3>\t\t<\/div>\n\t\t\t\t<\/div>\n\t\t\t\t<\/div>\n\t\t<div class=\"elementor-element elementor-element-ff1dc13 e-flex e-con-boxed e-con e-child\" data-id=\"ff1dc13\" data-element_type=\"container\" data-settings=\"{&quot;_ha_eqh_enable&quot;:false}\">\n\t\t\t\t\t<div class=\"e-con-inner\">\n\t\t\t\t<div class=\"elementor-element elementor-element-5b1e19c elementor-widget-mobile__width-initial elementor-widget elementor-widget-text-editor\" data-id=\"5b1e19c\" data-element_type=\"widget\" data-widget_type=\"text-editor.default\">\n\t\t\t\t<div class=\"elementor-widget-container\">\n\t\t\t\t\t\t\t<p>Lernen Sie Reto kennen, einen \u00e4u\u00dferst erfahrenen Hauptentwickler mit mehr als 30 Jahren Erfahrung in der Schweizer Technologiebranche. Retos Erfahrung in den hochmodernen Bereichen Sicherheit, IoT, FinTech, KI und maschinelles Lernen hat sich in eine effiziente Partnerschaft verwandelt, die Astarios zu einem der f\u00fchrenden Softwareentwicklungsunternehmen gemacht hat.<\/p>\n\t\t\t\t\t\t<\/div>\n\t\t\t\t<\/div>\n\t\t\t\t\t<\/div>\n\t\t\t\t<\/div>\n\t\t\t\t\t<\/div>\n\t\t\t\t<\/div>\n\t\t\t\t\t<\/div>\n\t\t\t\t<\/div>\n\t\t\t\t<\/div>\n\t\t","protected":false},"excerpt":{"rendered":"<p>Astarios ist die Essenz von 30 Jahren Star-Erfahrung in der Softwareentwicklung f\u00fcr verschiedene Branchen, erstellt und verwaltet von Technikbegeisterten aus der Ukraine und der Schweiz. Beabsichtigen Sie, ein Projekt zu erstellen, das darauf abzielt, Ihre Domain auf den Kopf zu stellen? Lassen Sie uns Ihr vertrauensw\u00fcrdiger Partner, F\u00fchrer und Lieferant sein, w\u00e4hrend Sie die Sterne [&hellip;]<\/p>\n","protected":false},"author":1,"featured_media":0,"parent":0,"menu_order":0,"comment_status":"closed","ping_status":"closed","template":"elementor_theme","meta":{"footnotes":""},"class_list":["post-3694","page","type-page","status-publish","hentry"],"_links":{"self":[{"href":"https:\/\/astarios.com\/de\/wp-json\/wp\/v2\/pages\/3694","targetHints":{"allow":["GET"]}}],"collection":[{"href":"https:\/\/astarios.com\/de\/wp-json\/wp\/v2\/pages"}],"about":[{"href":"https:\/\/astarios.com\/de\/wp-json\/wp\/v2\/types\/page"}],"author":[{"embeddable":true,"href":"https:\/\/astarios.com\/de\/wp-json\/wp\/v2\/users\/1"}],"replies":[{"embeddable":true,"href":"https:\/\/astarios.com\/de\/wp-json\/wp\/v2\/comments?post=3694"}],"version-history":[{"count":0,"href":"https:\/\/astarios.com\/de\/wp-json\/wp\/v2\/pages\/3694\/revisions"}],"wp:attachment":[{"href":"https:\/\/astarios.com\/de\/wp-json\/wp\/v2\/media?parent=3694"}],"curies":[{"name":"wp","href":"https:\/\/api.w.org\/{rel}","templated":true}]}}