{"id":3696,"date":"2023-11-27T14:44:28","date_gmt":"2023-11-27T12:44:28","guid":{"rendered":"https:\/\/astarios.com\/ueber-uns\/"},"modified":"2025-10-03T13:03:34","modified_gmt":"2025-10-03T11:03:34","slug":"ueber-uns","status":"publish","type":"page","link":"https:\/\/astarios.com\/de\/ueber-uns\/","title":{"rendered":"\u00dcber uns"},"content":{"rendered":"\t\t<div data-elementor-type=\"wp-page\" data-elementor-id=\"3696\" class=\"elementor elementor-3696 elementor-23\" data-elementor-settings=\"{&quot;ha_cmc_init_switcher&quot;:&quot;no&quot;}\" data-elementor-post-type=\"page\">\n\t\t\t\t<div class=\"elementor-element elementor-element-4723ca8 e-flex e-con-boxed e-con e-parent\" data-id=\"4723ca8\" data-element_type=\"container\" data-settings=\"{&quot;_ha_eqh_enable&quot;:false}\">\n\t\t\t\t\t<div class=\"e-con-inner\">\n\t\t<div class=\"elementor-element elementor-element-cc4f094 radiusborder animated-slow e-flex e-con-boxed elementor-invisible e-con e-child\" data-id=\"cc4f094\" data-element_type=\"container\" data-settings=\"{&quot;background_background&quot;:&quot;classic&quot;,&quot;animation&quot;:&quot;fadeIn&quot;,&quot;animation_delay&quot;:150,&quot;_ha_eqh_enable&quot;:false}\">\n\t\t\t\t\t<div class=\"e-con-inner\">\n\t\t\t\t<div class=\"elementor-element elementor-element-23cbc3af elementor-widget elementor-widget-heading\" data-id=\"23cbc3af\" data-element_type=\"widget\" data-widget_type=\"heading.default\">\n\t\t\t\t<div class=\"elementor-widget-container\">\n\t\t\t<style>\/*! elementor - v3.22.0 - 17-06-2024 *\/\n.elementor-heading-title{padding:0;margin:0;line-height:1}.elementor-widget-heading .elementor-heading-title[class*=elementor-size-]>a{color:inherit;font-size:inherit;line-height:inherit}.elementor-widget-heading .elementor-heading-title.elementor-size-small{font-size:15px}.elementor-widget-heading .elementor-heading-title.elementor-size-medium{font-size:19px}.elementor-widget-heading .elementor-heading-title.elementor-size-large{font-size:29px}.elementor-widget-heading .elementor-heading-title.elementor-size-xl{font-size:39px}.elementor-widget-heading .elementor-heading-title.elementor-size-xxl{font-size:59px}<\/style><h1 class=\"elementor-heading-title elementor-size-default\">Astarios: Experten f\u00fcr Remote-Entwicklungsteams<\/h1>\t\t<\/div>\n\t\t\t\t<\/div>\n\t\t\t\t<div class=\"elementor-element elementor-element-c9f884e elementor-widget__width-initial elementor-widget elementor-widget-heading\" data-id=\"c9f884e\" data-element_type=\"widget\" data-widget_type=\"heading.default\">\n\t\t\t\t<div class=\"elementor-widget-container\">\n\t\t\t<div class=\"elementor-heading-title elementor-size-default\">Experten f\u00fcr den Aufbau von Remote-Entwicklungsteams mit branchenorientierten Ingenieuren<\/div>\t\t<\/div>\n\t\t\t\t<\/div>\n\t\t\t\t\t<\/div>\n\t\t\t\t<\/div>\n\t\t\t\t\t<\/div>\n\t\t\t\t<\/div>\n\t\t<div class=\"elementor-element elementor-element-8ff11ca e-flex e-con-boxed e-con e-parent\" data-id=\"8ff11ca\" data-element_type=\"container\" data-settings=\"{&quot;_ha_eqh_enable&quot;:false}\">\n\t\t\t\t\t<div class=\"e-con-inner\">\n\t\t<div class=\"elementor-element elementor-element-d351a6a radiusborder e-flex e-con-boxed elementor-invisible e-con e-child\" data-id=\"d351a6a\" data-element_type=\"container\" data-settings=\"{&quot;background_background&quot;:&quot;classic&quot;,&quot;animation&quot;:&quot;fadeIn&quot;,&quot;animation_delay&quot;:150,&quot;_ha_eqh_enable&quot;:false}\">\n\t\t\t\t\t<div class=\"e-con-inner\">\n\t\t<div class=\"elementor-element elementor-element-9a14ba0 e-flex e-con-boxed e-con e-child\" data-id=\"9a14ba0\" data-element_type=\"container\" data-settings=\"{&quot;_ha_eqh_enable&quot;:false}\">\n\t\t\t\t\t<div class=\"e-con-inner\">\n\t\t\t\t<div class=\"elementor-element elementor-element-80a36fb elementor-widget elementor-widget-heading\" data-id=\"80a36fb\" data-element_type=\"widget\" data-widget_type=\"heading.default\">\n\t\t\t\t<div class=\"elementor-widget-container\">\n\t\t\t<h1 class=\"elementor-heading-title elementor-size-default\">Wir sind Astarios<\/h1>\t\t<\/div>\n\t\t\t\t<\/div>\n\t\t\t\t\t<\/div>\n\t\t\t\t<\/div>\n\t\t<div class=\"elementor-element elementor-element-ec9eac8 e-flex e-con-boxed e-con e-child\" data-id=\"ec9eac8\" data-element_type=\"container\" data-settings=\"{&quot;_ha_eqh_enable&quot;:false}\">\n\t\t\t\t\t<div class=\"e-con-inner\">\n\t\t<div class=\"elementor-element elementor-element-9380ab2 e-con-full about-empty e-flex e-con e-child\" data-id=\"9380ab2\" data-element_type=\"container\" data-settings=\"{&quot;_ha_eqh_enable&quot;:false}\">\n\t\t\t\t<\/div>\n\t\t<div class=\"elementor-element elementor-element-ec5e272 e-con-full e-flex e-con e-child\" data-id=\"ec5e272\" data-element_type=\"container\" data-settings=\"{&quot;_ha_eqh_enable&quot;:false}\">\n\t\t\t\t<div class=\"elementor-element elementor-element-4f1b158 elementor-widget elementor-widget-text-editor\" data-id=\"4f1b158\" data-element_type=\"widget\" data-widget_type=\"text-editor.default\">\n\t\t\t\t<div class=\"elementor-widget-container\">\n\t\t\t<style>\/*! elementor - v3.22.0 - 17-06-2024 *\/\n.elementor-widget-text-editor.elementor-drop-cap-view-stacked .elementor-drop-cap{background-color:#69727d;color:#fff}.elementor-widget-text-editor.elementor-drop-cap-view-framed .elementor-drop-cap{color:#69727d;border:3px solid;background-color:transparent}.elementor-widget-text-editor:not(.elementor-drop-cap-view-default) .elementor-drop-cap{margin-top:8px}.elementor-widget-text-editor:not(.elementor-drop-cap-view-default) .elementor-drop-cap-letter{width:1em;height:1em}.elementor-widget-text-editor .elementor-drop-cap{float:left;text-align:center;line-height:1;font-size:50px}.elementor-widget-text-editor .elementor-drop-cap-letter{display:inline-block}<\/style>\t\t\t\t<p>Bei Astarios verstehen wir die einzigartigen Herausforderungen Ihres Unternehmens und bieten ma\u00dfgeschneiderte L\u00f6sungen f\u00fcr Entwicklung, Technik, Qualit\u00e4tssicherung und Webdesign. Als Zusammenschluss erstklassiger Branchenexperten und Vision\u00e4re aus der Schweiz \u2013 Reto Kaeser und Andreas Lepenets aus der Ukraine \u2013 revolutioniert Astarios Unternehmen auf der ganzen Welt durch den Aufbau und die Leitung engagierter Teams von IT-Spezialisten.<\/p>\n\t\t\t\t\t\t<\/div>\n\t\t\t\t<\/div>\n\t\t\t\t<div class=\"elementor-element elementor-element-9c9e194 elementor-widget elementor-widget-text-editor\" data-id=\"9c9e194\" data-element_type=\"widget\" data-widget_type=\"text-editor.default\">\n\t\t\t\t<div class=\"elementor-widget-container\">\n\t\t\t\t\t\t\t<p><span style=\"color: var( --e-global-color-text ); text-align: var(--text-align);\">Wir stellen Ihnen Reto vor, einen erfahrenen Hauptentwickler mit \u00fcber drei Jahrzehnten Erfahrung Erfahrung in der Schweizer Technologiebranche. Als der Sommer 2016 n\u00e4her r\u00fcckte, sah sich Reto immer wieder mit einer gemeinsamen Herausforderung konfrontiert: dem Mangel an qualifizierten Fachkr\u00e4ften vor Ort. <\/span><\/p>\n<p>Gleichzeitig erreichte Andreas den prestigetr\u00e4chtigen Meilenstein, seinen MBA-Abschluss zu erlangen. Mit \u00fcber einem Jahrzehnt engagierter Erfahrung in der \u00dcberwachung des Engagement-Managements f\u00fcr die TOP-3-Outsourcing-Unternehmen der Ukraine entwickelte er eine klare Vision, die ihn zu tiefgreifenden Einsichten f\u00fchrte \u2013 der Schl\u00fcssel zum Erfolg auf den lokalen und ausl\u00e4ndischen M\u00e4rkten liegt in der Gr\u00fcndung eines Unternehmens, das floriert Transparenz und Teamarbeit. Andreas stellte sich ein Unternehmen vor, das Kunden nahtlos mit au\u00dfergew\u00f6hnlichen Tech-Talenten verbindet und ihre einzigartigen Soft- und Hard-Skills f\u00fcr bemerkenswerten Erfolg zusammenbringt.<\/p>\n<p>Als Andreas und Reto eine gemeinsame Vision entdeckten, begaben sie sich auf eine bemerkenswerte Reise, um ein Nischenteam zusammenzustellen Experten, die ihren H\u00f6hepunkt in der Gr\u00fcndung ihres ersten Forschungs- und Entwicklungsb\u00fcros in der pulsierenden Stadt Kiew fanden. Inspiriert durch Retos Erfahrung in den hochmodernen Bereichen Sicherheit, IoT, FinTech, KI und maschinelles Lernen verlagerte Astarios seinen Fokus strategisch auf das Angebot von Softwareentwicklungsdiensten, Personalaufstockung und Sicherheitstests.<\/p>\n<p>Astarios, Der f\u00fchrende Anbieter von Software-Engineering- und Designl\u00f6sungen hat sich als bevorzugter Technologiepartner f\u00fcr zahlreiche angesehene und neu gegr\u00fcndete Unternehmen in den dynamischen Bereichen Energie, Big Data, FinTech und KI etabliert. Mit einer starken Pr\u00e4senz sowohl in der Ukraine als auch in der Schweiz ist unser Unternehmen die ultimative L\u00f6sung f\u00fcr Unternehmen, die die Herausforderungen des lokalen Fachkr\u00e4ftemangels \u00fcberwinden und innovative Produkte liefern m\u00f6chten.<\/p>\n\t\t\t\t\t\t<\/div>\n\t\t\t\t<\/div>\n\t\t\t\t<\/div>\n\t\t<div class=\"elementor-element elementor-element-3949b1a e-flex e-con-boxed e-con e-child\" data-id=\"3949b1a\" data-element_type=\"container\" data-settings=\"{&quot;_ha_eqh_enable&quot;:false}\">\n\t\t\t\t\t<div class=\"e-con-inner\">\n\t\t<div class=\"elementor-element elementor-element-ea5176c e-con-full e-flex e-con e-child\" data-id=\"ea5176c\" data-element_type=\"container\" data-settings=\"{&quot;_ha_eqh_enable&quot;:false}\">\n\t\t<div class=\"elementor-element elementor-element-d2b1845 e-con-full e-flex e-con e-child\" data-id=\"d2b1845\" data-element_type=\"container\" data-settings=\"{&quot;_ha_eqh_enable&quot;:false}\">\n\t\t\t\t<div class=\"elementor-element elementor-element-00a1d66 elementor-widget elementor-widget-heading\" data-id=\"00a1d66\" data-element_type=\"widget\" data-widget_type=\"heading.default\">\n\t\t\t\t<div class=\"elementor-widget-container\">\n\t\t\t<div class=\"elementor-heading-title elementor-size-default\">Langj\u00e4hrige Erfahrung<\/div>\t\t<\/div>\n\t\t\t\t<\/div>\n\t\t\t\t<div class=\"elementor-element elementor-element-872d908 elementor-widget elementor-widget-heading\" data-id=\"872d908\" data-element_type=\"widget\" data-widget_type=\"heading.default\">\n\t\t\t\t<div class=\"elementor-widget-container\">\n\t\t\t<div class=\"elementor-heading-title elementor-size-default\">+7<\/div>\t\t<\/div>\n\t\t\t\t<\/div>\n\t\t\t\t<\/div>\n\t\t<div class=\"elementor-element elementor-element-dc24ca9 e-con-full e-flex e-con e-child\" data-id=\"dc24ca9\" data-element_type=\"container\" data-settings=\"{&quot;_ha_eqh_enable&quot;:false}\">\n\t\t\t\t<div class=\"elementor-element elementor-element-79397f6 elementor-widget elementor-widget-heading\" data-id=\"79397f6\" data-element_type=\"widget\" data-widget_type=\"heading.default\">\n\t\t\t\t<div class=\"elementor-widget-container\">\n\t\t\t<div class=\"elementor-heading-title elementor-size-default\">Fertige Projekte<\/div>\t\t<\/div>\n\t\t\t\t<\/div>\n\t\t\t\t<div class=\"elementor-element elementor-element-5c1391f elementor-widget elementor-widget-heading\" data-id=\"5c1391f\" data-element_type=\"widget\" data-widget_type=\"heading.default\">\n\t\t\t\t<div class=\"elementor-widget-container\">\n\t\t\t<div class=\"elementor-heading-title elementor-size-default\">+35<\/div>\t\t<\/div>\n\t\t\t\t<\/div>\n\t\t\t\t<\/div>\n\t\t\t\t<\/div>\n\t\t\t\t\t<\/div>\n\t\t\t\t<\/div>\n\t\t\t\t\t<\/div>\n\t\t\t\t<\/div>\n\t\t\t\t\t<\/div>\n\t\t\t\t<\/div>\n\t\t\t\t\t<\/div>\n\t\t\t\t<\/div>\n\t\t\t\t<\/div>\n\t\t","protected":false},"excerpt":{"rendered":"<p>Astarios: Experten f\u00fcr Remote-Entwicklungsteams Experten f\u00fcr den Aufbau von Remote-Entwicklungsteams mit branchenorientierten Ingenieuren Wir sind Astarios Bei Astarios verstehen wir die einzigartigen Herausforderungen Ihres Unternehmens und bieten ma\u00dfgeschneiderte L\u00f6sungen f\u00fcr Entwicklung, Technik, Qualit\u00e4tssicherung und Webdesign. Als Zusammenschluss erstklassiger Branchenexperten und Vision\u00e4re aus der Schweiz \u2013 Reto Kaeser und Andreas Lepenets aus der Ukraine \u2013 revolutioniert [&hellip;]<\/p>\n","protected":false},"author":1,"featured_media":0,"parent":0,"menu_order":0,"comment_status":"closed","ping_status":"closed","template":"elementor_theme","meta":{"footnotes":""},"class_list":["post-3696","page","type-page","status-publish","hentry"],"_links":{"self":[{"href":"https:\/\/astarios.com\/de\/wp-json\/wp\/v2\/pages\/3696","targetHints":{"allow":["GET"]}}],"collection":[{"href":"https:\/\/astarios.com\/de\/wp-json\/wp\/v2\/pages"}],"about":[{"href":"https:\/\/astarios.com\/de\/wp-json\/wp\/v2\/types\/page"}],"author":[{"embeddable":true,"href":"https:\/\/astarios.com\/de\/wp-json\/wp\/v2\/users\/1"}],"replies":[{"embeddable":true,"href":"https:\/\/astarios.com\/de\/wp-json\/wp\/v2\/comments?post=3696"}],"version-history":[{"count":0,"href":"https:\/\/astarios.com\/de\/wp-json\/wp\/v2\/pages\/3696\/revisions"}],"wp:attachment":[{"href":"https:\/\/astarios.com\/de\/wp-json\/wp\/v2\/media?parent=3696"}],"curies":[{"name":"wp","href":"https:\/\/api.w.org\/{rel}","templated":true}]}}